{"id":5425,"date":"2025-01-10T06:58:40","date_gmt":"2025-01-10T04:58:40","guid":{"rendered":"https:\/\/www.chambfrance.com\/privacy-policy\/"},"modified":"2025-11-27T16:18:11","modified_gmt":"2025-11-27T14:18:11","slug":"privacy-policy","status":"publish","type":"page","link":"https:\/\/www.chambfrance.com\/en\/privacy-policy\/","title":{"rendered":"Privacy Policy"},"content":{"rendered":"&#13;\n<h3 class=\"wp-block-heading\" style=\"text-align: center;\">Privacy Policy<\/h3>&#13;\n<p><strong>Qui sommes-nous<\/strong><\/p>&#13;\n<p>Texte sugg\u00e9r\u00e9 : L&#8217;adresse de notre site web est : <a href=\"http:\/\/www.chambfrance.com\/\">https:\/\/www.chambfrance.com<\/a>.<\/p>&#13;\n<p><strong>Commentaires<\/strong><\/p>&#13;\n<p>Texte sugg\u00e9r\u00e9 : Lorsque les visiteurs laissent des commentaires sur le site, nous collectons les donn\u00e9es affich\u00e9es dans le formulaire de commentaires, ainsi que l&#8217;adresse IP et la cha\u00eene de l&#8217;agent utilisateur du navigateur du visiteur pour aider \u00e0 la d\u00e9tection des spams.<\/p>&#13;\n<p>Une cha\u00eene anonymis\u00e9e cr\u00e9\u00e9e \u00e0 partir de votre adresse e-mail (\u00e9galement appel\u00e9e un hachage) peut \u00eatre transmise au service Gravatar pour v\u00e9rifier si vous l&#8217;utilisez. La politique de confidentialit\u00e9 du service Gravatar est disponible ici : <a href=\"https:\/\/automattic.com\/privacy\/\">https:\/\/automattic.com\/privacy\/<\/a>. Apr\u00e8s approbation de votre commentaire, votre photo de profil sera visible publiquement dans le contexte de votre commentaire.<\/p>&#13;\n<p><strong>M\u00e9dias<\/strong><\/p>&#13;\n<p>Texte sugg\u00e9r\u00e9 : Si vous t\u00e9l\u00e9chargez des images sur le site web, vous devriez \u00e9viter de t\u00e9l\u00e9verser des images contenant des donn\u00e9es de localisation int\u00e9gr\u00e9es (EXIF GPS). Les visiteurs du site peuvent t\u00e9l\u00e9charger et extraire ces donn\u00e9es de localisation des images.<\/p>&#13;\n<p><strong>Cookies<\/strong><\/p>&#13;\n<p>Texte sugg\u00e9r\u00e9 : Si vous laissez un commentaire sur notre site, vous pouvez choisir d&#8217;enregistrer votre nom, adresse e-mail et site web dans des cookies. Cela est fait pour votre confort afin que vous n&#8217;ayez pas \u00e0 remplir \u00e0 nouveau vos informations lorsque vous laissez un autre commentaire. Ces cookies dureront un an.<\/p>&#13;\n<p>Si vous visitez notre page de connexion, nous d\u00e9finirons un cookie temporaire pour d\u00e9terminer si votre navigateur accepte les cookies. Ce cookie ne contient aucune donn\u00e9e personnelle et est supprim\u00e9 lorsque vous fermez votre navigateur.<\/p>&#13;\n<p>Lorsque vous vous connectez, nous configurons \u00e9galement plusieurs cookies pour enregistrer vos informations de connexion et vos pr\u00e9f\u00e9rences d&#8217;affichage. Les cookies de connexion durent deux jours, et les cookies des options d&#8217;\u00e9cran durent un an. Si vous s\u00e9lectionnez \u00ab Se souvenir de moi \u00bb, votre connexion sera maintenue pendant deux semaines. Si vous vous d\u00e9connectez de votre compte, les cookies de connexion seront supprim\u00e9s.<\/p>&#13;\n<p>Si vous modifiez ou publiez un article, un cookie suppl\u00e9mentaire sera enregistr\u00e9 dans votre navigateur. Ce cookie ne contient aucune donn\u00e9e personnelle et indique simplement l&#8217;ID de l&#8217;article que vous venez de modifier. Il expire apr\u00e8s un jour.<\/p>&#13;\n<p><strong>Contenu int\u00e9gr\u00e9 provenant d&#8217;autres sites web<\/strong><\/p>&#13;\n<p>Texte sugg\u00e9r\u00e9 : Les articles de ce site peuvent inclure du contenu int\u00e9gr\u00e9 (par exemple des vid\u00e9os, images, articles, etc.). Le contenu int\u00e9gr\u00e9 depuis d&#8217;autres sites se comporte exactement de la m\u00eame mani\u00e8re que si le visiteur avait visit\u00e9 l&#8217;autre site web.<\/p>&#13;\n<p>Ces sites web peuvent collecter des donn\u00e9es sur vous, utiliser des cookies, int\u00e9grer des outils de suivi tiers suppl\u00e9mentaires et surveiller vos interactions avec ce contenu int\u00e9gr\u00e9, y compris suivre vos interactions avec le contenu int\u00e9gr\u00e9 si vous disposez d&#8217;un compte et \u00eates connect\u00e9 \u00e0 ce site web.<\/p>&#13;\n<p><strong>Avec qui nous partageons vos donn\u00e9es<\/strong><\/p>&#13;\n<p>Texte sugg\u00e9r\u00e9 : Si vous demandez une r\u00e9initialisation de mot de passe, votre adresse IP sera incluse dans l&#8217;e-mail de r\u00e9initialisation.<\/p>&#13;\n<p><strong>Dur\u00e9e de conservation de vos donn\u00e9es<\/strong><\/p>&#13;\n<p>Texte sugg\u00e9r\u00e9 : Si vous laissez un commentaire, le commentaire et ses m\u00e9tadonn\u00e9es sont conserv\u00e9s ind\u00e9finiment. Cela nous permet de reconna\u00eetre et d&#8217;approuver automatiquement les commentaires de suivi au lieu de les retenir dans une file de mod\u00e9ration.<\/p>&#13;\n<p>Pour les utilisateurs qui s&#8217;inscrivent sur notre site web (le cas \u00e9ch\u00e9ant), nous stockons \u00e9galement les informations personnelles qu&#8217;ils fournissent dans leur profil utilisateur. Tous les utilisateurs peuvent voir, modifier ou supprimer leurs informations personnelles \u00e0 tout moment (\u00e0 l&#8217;exception de leur nom d&#8217;utilisateur). Les administrateurs du site web peuvent \u00e9galement voir et modifier ces informations.<\/p>&#13;\n<p><strong>Quels sont vos droits sur vos donn\u00e9es<\/strong><\/p>&#13;\n<p>Texte sugg\u00e9r\u00e9 : Si vous avez un compte sur ce site, ou si vous avez laiss\u00e9 des commentaires, vous pouvez demander \u00e0 recevoir un fichier export\u00e9 contenant les donn\u00e9es personnelles que nous d\u00e9tenons \u00e0 votre sujet, y compris celles que vous nous avez fournies. Vous pouvez \u00e9galement demander que nous effacions les donn\u00e9es personnelles que nous d\u00e9tenons \u00e0 votre sujet. Cela n&#8217;inclut pas les donn\u00e9es que nous sommes oblig\u00e9s de conserver \u00e0 des fins administratives, l\u00e9gales ou de s\u00e9curit\u00e9.<\/p>&#13;\n<p><strong>O\u00f9 vos donn\u00e9es sont envoy\u00e9es<\/strong><\/p>&#13;\n<p>Texte sugg\u00e9r\u00e9 : Les commentaires des visiteurs peuvent \u00eatre v\u00e9rifi\u00e9s via un service automatis\u00e9 de d\u00e9tection de spams.<\/p>","protected":false},"excerpt":{"rendered":"<p>&#13; Privacy Policy &#13; Qui sommes-nous &#13; Texte sugg\u00e9r\u00e9 :  [&#8230;]<\/p>\n","protected":false},"author":1,"featured_media":0,"parent":0,"menu_order":0,"comment_status":"closed","ping_status":"open","template":"","meta":{"_acf_changed":false,"footnotes":""},"class_list":["post-5425","page","type-page","status-publish","hentry"],"acf":[],"yoast_head":"<!-- This site is optimized with the Yoast SEO Premium plugin v23.8 (Yoast SEO v23.8) - https:\/\/yoast.com\/wordpress\/plugins\/seo\/ -->\n<title>Privacy Policy - Cham B<\/title>\n<meta name=\"robots\" content=\"index, follow, max-snippet:-1, max-image-preview:large, max-video-preview:-1\" \/>\n<link rel=\"canonical\" href=\"https:\/\/www.chambfrance.com\/en\/privacy-policy\/\" \/>\n<meta property=\"og:locale\" content=\"en_US\" \/>\n<meta property=\"og:type\" content=\"article\" \/>\n<meta property=\"og:title\" content=\"Privacy Policy\" \/>\n<meta property=\"og:description\" content=\"&#013; Privacy Policy &#013; Qui sommes-nous &#013; Texte sugg\u00e9r\u00e9 : [...]\" \/>\n<meta property=\"og:url\" content=\"https:\/\/www.chambfrance.com\/en\/privacy-policy\/\" \/>\n<meta property=\"og:site_name\" content=\"Cham B\" \/>\n<meta property=\"article:publisher\" content=\"https:\/\/www.facebook.com\/chambfrance\" \/>\n<meta property=\"article:modified_time\" content=\"2025-11-27T14:18:11+00:00\" \/>\n<meta property=\"og:image\" content=\"https:\/\/www.chambfrance.com\/wp-content\/uploads\/2025\/11\/LOGO-scaled.jpg\" \/>\n\t<meta property=\"og:image:width\" content=\"2560\" \/>\n\t<meta property=\"og:image:height\" content=\"2560\" \/>\n\t<meta property=\"og:image:type\" content=\"image\/jpeg\" \/>\n<meta name=\"twitter:card\" content=\"summary_large_image\" \/>\n<meta name=\"twitter:label1\" content=\"Est. reading time\" \/>\n\t<meta name=\"twitter:data1\" content=\"4 minutes\" \/>\n<script type=\"application\/ld+json\" class=\"yoast-schema-graph\">{\"@context\":\"https:\/\/schema.org\",\"@graph\":[{\"@type\":\"WebPage\",\"@id\":\"https:\/\/www.chambfrance.com\/en\/privacy-policy\/\",\"url\":\"https:\/\/www.chambfrance.com\/en\/privacy-policy\/\",\"name\":\"Privacy Policy - Cham B\",\"isPartOf\":{\"@id\":\"https:\/\/www.chambfrance.com\/en\/#website\"},\"datePublished\":\"2025-01-10T04:58:40+00:00\",\"dateModified\":\"2025-11-27T14:18:11+00:00\",\"breadcrumb\":{\"@id\":\"https:\/\/www.chambfrance.com\/en\/privacy-policy\/#breadcrumb\"},\"inLanguage\":\"en-US\",\"potentialAction\":[{\"@type\":\"ReadAction\",\"target\":[\"https:\/\/www.chambfrance.com\/en\/privacy-policy\/\"]}]},{\"@type\":\"BreadcrumbList\",\"@id\":\"https:\/\/www.chambfrance.com\/en\/privacy-policy\/#breadcrumb\",\"itemListElement\":[{\"@type\":\"ListItem\",\"position\":1,\"name\":\"Accueil\",\"item\":\"https:\/\/www.chambfrance.com\/en\/\"},{\"@type\":\"ListItem\",\"position\":2,\"name\":\"Privacy Policy\"}]},{\"@type\":\"WebSite\",\"@id\":\"https:\/\/www.chambfrance.com\/en\/#website\",\"url\":\"https:\/\/www.chambfrance.com\/en\/\",\"name\":\"Cham B\",\"description\":\"Champignons Haut de Gamme, Qualit\u00e9 Fran\u00e7aise\",\"publisher\":{\"@id\":\"https:\/\/www.chambfrance.com\/en\/#organization\"},\"potentialAction\":[{\"@type\":\"SearchAction\",\"target\":{\"@type\":\"EntryPoint\",\"urlTemplate\":\"https:\/\/www.chambfrance.com\/en\/?s={search_term_string}\"},\"query-input\":{\"@type\":\"PropertyValueSpecification\",\"valueRequired\":true,\"valueName\":\"search_term_string\"}}],\"inLanguage\":\"en-US\"},{\"@type\":\"Organization\",\"@id\":\"https:\/\/www.chambfrance.com\/en\/#organization\",\"name\":\"Cham B\",\"url\":\"https:\/\/www.chambfrance.com\/en\/\",\"logo\":{\"@type\":\"ImageObject\",\"inLanguage\":\"en-US\",\"@id\":\"https:\/\/www.chambfrance.com\/en\/#\/schema\/logo\/image\/\",\"url\":\"https:\/\/www.chambfrance.com\/wp-content\/uploads\/2025\/11\/LOGO-scaled.jpg\",\"contentUrl\":\"https:\/\/www.chambfrance.com\/wp-content\/uploads\/2025\/11\/LOGO-scaled.jpg\",\"width\":2560,\"height\":2560,\"caption\":\"Cham B\"},\"image\":{\"@id\":\"https:\/\/www.chambfrance.com\/en\/#\/schema\/logo\/image\/\"},\"sameAs\":[\"https:\/\/www.facebook.com\/chambfrance\",\"https:\/\/www.instagram.com\/chambfrance\",\"https:\/\/www.tiktok.com\/@kai17_0\",\"https:\/\/www.youtube.com\/@CHAMB-FRANCE\",\"https:\/\/www.linkedin.com\/company\/cham-b\"]}]}<\/script>\n<!-- \/ Yoast SEO Premium plugin. -->","yoast_head_json":{"title":"Privacy Policy - Cham B","robots":{"index":"index","follow":"follow","max-snippet":"max-snippet:-1","max-image-preview":"max-image-preview:large","max-video-preview":"max-video-preview:-1"},"canonical":"https:\/\/www.chambfrance.com\/en\/privacy-policy\/","og_locale":"en_US","og_type":"article","og_title":"Privacy Policy","og_description":"&#13; Privacy Policy &#13; Qui sommes-nous &#13; Texte sugg\u00e9r\u00e9 : [...]","og_url":"https:\/\/www.chambfrance.com\/en\/privacy-policy\/","og_site_name":"Cham B","article_publisher":"https:\/\/www.facebook.com\/chambfrance","article_modified_time":"2025-11-27T14:18:11+00:00","og_image":[{"width":2560,"height":2560,"url":"https:\/\/www.chambfrance.com\/wp-content\/uploads\/2025\/11\/LOGO-scaled.jpg","type":"image\/jpeg"}],"twitter_card":"summary_large_image","twitter_misc":{"Est. reading time":"4 minutes"},"schema":{"@context":"https:\/\/schema.org","@graph":[{"@type":"WebPage","@id":"https:\/\/www.chambfrance.com\/en\/privacy-policy\/","url":"https:\/\/www.chambfrance.com\/en\/privacy-policy\/","name":"Privacy Policy - Cham B","isPartOf":{"@id":"https:\/\/www.chambfrance.com\/en\/#website"},"datePublished":"2025-01-10T04:58:40+00:00","dateModified":"2025-11-27T14:18:11+00:00","breadcrumb":{"@id":"https:\/\/www.chambfrance.com\/en\/privacy-policy\/#breadcrumb"},"inLanguage":"en-US","potentialAction":[{"@type":"ReadAction","target":["https:\/\/www.chambfrance.com\/en\/privacy-policy\/"]}]},{"@type":"BreadcrumbList","@id":"https:\/\/www.chambfrance.com\/en\/privacy-policy\/#breadcrumb","itemListElement":[{"@type":"ListItem","position":1,"name":"Accueil","item":"https:\/\/www.chambfrance.com\/en\/"},{"@type":"ListItem","position":2,"name":"Privacy Policy"}]},{"@type":"WebSite","@id":"https:\/\/www.chambfrance.com\/en\/#website","url":"https:\/\/www.chambfrance.com\/en\/","name":"Cham B","description":"Champignons Haut de Gamme, Qualit\u00e9 Fran\u00e7aise","publisher":{"@id":"https:\/\/www.chambfrance.com\/en\/#organization"},"potentialAction":[{"@type":"SearchAction","target":{"@type":"EntryPoint","urlTemplate":"https:\/\/www.chambfrance.com\/en\/?s={search_term_string}"},"query-input":{"@type":"PropertyValueSpecification","valueRequired":true,"valueName":"search_term_string"}}],"inLanguage":"en-US"},{"@type":"Organization","@id":"https:\/\/www.chambfrance.com\/en\/#organization","name":"Cham B","url":"https:\/\/www.chambfrance.com\/en\/","logo":{"@type":"ImageObject","inLanguage":"en-US","@id":"https:\/\/www.chambfrance.com\/en\/#\/schema\/logo\/image\/","url":"https:\/\/www.chambfrance.com\/wp-content\/uploads\/2025\/11\/LOGO-scaled.jpg","contentUrl":"https:\/\/www.chambfrance.com\/wp-content\/uploads\/2025\/11\/LOGO-scaled.jpg","width":2560,"height":2560,"caption":"Cham B"},"image":{"@id":"https:\/\/www.chambfrance.com\/en\/#\/schema\/logo\/image\/"},"sameAs":["https:\/\/www.facebook.com\/chambfrance","https:\/\/www.instagram.com\/chambfrance","https:\/\/www.tiktok.com\/@kai17_0","https:\/\/www.youtube.com\/@CHAMB-FRANCE","https:\/\/www.linkedin.com\/company\/cham-b"]}]}},"_links":{"self":[{"href":"https:\/\/www.chambfrance.com\/en\/wp-json\/wp\/v2\/pages\/5425","targetHints":{"allow":["GET"]}}],"collection":[{"href":"https:\/\/www.chambfrance.com\/en\/wp-json\/wp\/v2\/pages"}],"about":[{"href":"https:\/\/www.chambfrance.com\/en\/wp-json\/wp\/v2\/types\/page"}],"author":[{"embeddable":true,"href":"https:\/\/www.chambfrance.com\/en\/wp-json\/wp\/v2\/users\/1"}],"replies":[{"embeddable":true,"href":"https:\/\/www.chambfrance.com\/en\/wp-json\/wp\/v2\/comments?post=5425"}],"version-history":[{"count":0,"href":"https:\/\/www.chambfrance.com\/en\/wp-json\/wp\/v2\/pages\/5425\/revisions"}],"wp:attachment":[{"href":"https:\/\/www.chambfrance.com\/en\/wp-json\/wp\/v2\/media?parent=5425"}],"curies":[{"name":"wp","href":"https:\/\/api.w.org\/{rel}","templated":true}]}}